{"id":95,"date":"2026-01-03T13:13:15","date_gmt":"2026-01-03T12:13:15","guid":{"rendered":"https:\/\/prntd.eu\/?post_type=product&#038;p=95"},"modified":"2026-01-03T13:13:15","modified_gmt":"2026-01-03T12:13:15","slug":"bluza-z-kapturem","status":"publish","type":"product","link":"https:\/\/prntd.eu\/?product=bluza-z-kapturem","title":{"rendered":"Bluza z kapturem"},"content":{"rendered":"<p data-start=\"140\" data-end=\"425\">Bluza marki <strong data-start=\"152\" data-end=\"161\">PRNTD<\/strong> to idealne po\u0142\u0105czenie wygody i nowoczesnego stylu. Uniwersalny kr\u00f3j <strong data-start=\"230\" data-end=\"240\">unisex<\/strong> sprawia, \u017ce \u015bwietnie pasuje zar\u00f3wno kobietom, jak i m\u0119\u017cczyznom. Wykonana z <strong data-start=\"316\" data-end=\"344\">wysokiej jako\u015bci bawe\u0142ny<\/strong>, zapewnia komfort noszenia, ciep\u0142o oraz trwa\u0142o\u015b\u0107 nawet przy cz\u0119stym u\u017cytkowaniu.<\/p>\n<p data-start=\"427\" data-end=\"549\">Dost\u0119pna w rozmiarach <strong data-start=\"449\" data-end=\"463\">od S do XL<\/strong>, doskonale sprawdzi si\u0119 w codziennych stylizacjach, jak i podczas ch\u0142odniejszych dni.<\/p>\n<p data-start=\"551\" data-end=\"570\"><strong data-start=\"551\" data-end=\"570\">Cechy produktu:<\/strong><\/p>\n<ul data-start=\"571\" data-end=\"697\">\n<li data-start=\"571\" data-end=\"589\">\n<p data-start=\"573\" data-end=\"589\">marka: <strong data-start=\"580\" data-end=\"589\">PRNTD<\/strong><\/p>\n<\/li>\n<li data-start=\"590\" data-end=\"608\">\n<p data-start=\"592\" data-end=\"608\">kr\u00f3j: <strong data-start=\"598\" data-end=\"608\">unisex<\/strong><\/p>\n<\/li>\n<li data-start=\"609\" data-end=\"629\">\n<p data-start=\"611\" data-end=\"629\">rozmiary: <strong data-start=\"621\" data-end=\"629\">S\u2013XL<\/strong><\/p>\n<\/li>\n<li data-start=\"630\" data-end=\"658\">\n<p data-start=\"632\" data-end=\"658\">materia\u0142: <strong data-start=\"642\" data-end=\"658\">100% bawe\u0142na<\/strong><\/p>\n<\/li>\n<li data-start=\"659\" data-end=\"697\">\n<p data-start=\"661\" data-end=\"697\">mi\u0119kka, wygodna i przyjemna w dotyku<\/p>\n<\/li>\n<\/ul>\n","protected":false},"excerpt":{"rendered":"<p><strong data-start=\"726\" data-end=\"741\">Bluza PRNTD<\/strong> to wygodny model unisex z <strong data-start=\"768\" data-end=\"784\">100% bawe\u0142ny<\/strong>, dost\u0119pny w rozmiarach <strong data-start=\"808\" data-end=\"816\">S\u2013XL<\/strong>. Idealna na co dzie\u0144 i ch\u0142odniejsze dni.<\/p>\n","protected":false},"featured_media":97,"comment_status":"open","ping_status":"closed","template":"","meta":[],"product_brand":[],"product_cat":[23],"product_tag":[],"class_list":{"0":"post-95","1":"product","2":"type-product","3":"status-publish","4":"has-post-thumbnail","6":"product_cat-bluzy","8":"first","9":"instock","10":"shipping-taxable","11":"purchasable","12":"product-type-simple"},"yoast_head":"<!-- This site is optimized with the Yoast SEO plugin v26.6 - https:\/\/yoast.com\/wordpress\/plugins\/seo\/ -->\n<title>Bluza z kapturem - PRNTD<\/title>\n<meta name=\"robots\" content=\"index, follow, max-snippet:-1, max-image-preview:large, max-video-preview:-1\" \/>\n<link rel=\"canonical\" href=\"https:\/\/prntd.eu\/?product=bluza-z-kapturem\" \/>\n<meta property=\"og:locale\" content=\"pl_PL\" \/>\n<meta property=\"og:type\" content=\"article\" \/>\n<meta property=\"og:title\" content=\"Bluza z kapturem - PRNTD\" \/>\n<meta property=\"og:description\" content=\"Bluza PRNTD to wygodny model unisex z 100% bawe\u0142ny, dost\u0119pny w rozmiarach S\u2013XL. Idealna na co dzie\u0144 i ch\u0142odniejsze dni.\" \/>\n<meta property=\"og:url\" content=\"https:\/\/prntd.eu\/?product=bluza-z-kapturem\" \/>\n<meta property=\"og:site_name\" content=\"PRNTD\" \/>\n<meta property=\"og:image\" content=\"https:\/\/prntd.eu\/wp-content\/uploads\/2026\/01\/4-1.png\" \/>\n\t<meta property=\"og:image:width\" content=\"1330\" \/>\n\t<meta property=\"og:image:height\" content=\"1505\" \/>\n\t<meta property=\"og:image:type\" content=\"image\/png\" \/>\n<meta name=\"twitter:card\" content=\"summary_large_image\" \/>\n<meta name=\"twitter:label1\" content=\"Szacowany czas czytania\" \/>\n\t<meta name=\"twitter:data1\" content=\"1 minuta\" \/>\n<script type=\"application\/ld+json\" class=\"yoast-schema-graph\">{\"@context\":\"https:\/\/schema.org\",\"@graph\":[{\"@type\":\"WebPage\",\"@id\":\"https:\/\/prntd.eu\/?product=bluza-z-kapturem\",\"url\":\"https:\/\/prntd.eu\/?product=bluza-z-kapturem\",\"name\":\"Bluza z kapturem - PRNTD\",\"isPartOf\":{\"@id\":\"https:\/\/prntd.eu\/#website\"},\"primaryImageOfPage\":{\"@id\":\"https:\/\/prntd.eu\/?product=bluza-z-kapturem#primaryimage\"},\"image\":{\"@id\":\"https:\/\/prntd.eu\/?product=bluza-z-kapturem#primaryimage\"},\"thumbnailUrl\":\"https:\/\/prntd.eu\/wp-content\/uploads\/2026\/01\/4-1.png\",\"datePublished\":\"2026-01-03T12:13:15+00:00\",\"breadcrumb\":{\"@id\":\"https:\/\/prntd.eu\/?product=bluza-z-kapturem#breadcrumb\"},\"inLanguage\":\"pl-PL\",\"potentialAction\":[{\"@type\":\"ReadAction\",\"target\":[\"https:\/\/prntd.eu\/?product=bluza-z-kapturem\"]}]},{\"@type\":\"ImageObject\",\"inLanguage\":\"pl-PL\",\"@id\":\"https:\/\/prntd.eu\/?product=bluza-z-kapturem#primaryimage\",\"url\":\"https:\/\/prntd.eu\/wp-content\/uploads\/2026\/01\/4-1.png\",\"contentUrl\":\"https:\/\/prntd.eu\/wp-content\/uploads\/2026\/01\/4-1.png\",\"width\":1330,\"height\":1505},{\"@type\":\"BreadcrumbList\",\"@id\":\"https:\/\/prntd.eu\/?product=bluza-z-kapturem#breadcrumb\",\"itemListElement\":[{\"@type\":\"ListItem\",\"position\":1,\"name\":\"Home\",\"item\":\"https:\/\/prntd.eu\/\"},{\"@type\":\"ListItem\",\"position\":2,\"name\":\"Sklep\",\"item\":\"https:\/\/prntd.eu\/?page_id=21\"},{\"@type\":\"ListItem\",\"position\":3,\"name\":\"Bluza z kapturem\"}]},{\"@type\":\"WebSite\",\"@id\":\"https:\/\/prntd.eu\/#website\",\"url\":\"https:\/\/prntd.eu\/\",\"name\":\"PRNTD\",\"description\":\"\",\"publisher\":{\"@id\":\"https:\/\/prntd.eu\/#organization\"},\"potentialAction\":[{\"@type\":\"SearchAction\",\"target\":{\"@type\":\"EntryPoint\",\"urlTemplate\":\"https:\/\/prntd.eu\/?s={search_term_string}\"},\"query-input\":{\"@type\":\"PropertyValueSpecification\",\"valueRequired\":true,\"valueName\":\"search_term_string\"}}],\"inLanguage\":\"pl-PL\"},{\"@type\":\"Organization\",\"@id\":\"https:\/\/prntd.eu\/#organization\",\"name\":\"PRNTD\",\"url\":\"https:\/\/prntd.eu\/\",\"logo\":{\"@type\":\"ImageObject\",\"inLanguage\":\"pl-PL\",\"@id\":\"https:\/\/prntd.eu\/#\/schema\/logo\/image\/\",\"url\":\"https:\/\/prntd.eu\/wp-content\/uploads\/2025\/11\/PRNTD-100-x-50-px-1.png\",\"contentUrl\":\"https:\/\/prntd.eu\/wp-content\/uploads\/2025\/11\/PRNTD-100-x-50-px-1.png\",\"width\":100,\"height\":40,\"caption\":\"PRNTD\"},\"image\":{\"@id\":\"https:\/\/prntd.eu\/#\/schema\/logo\/image\/\"}}]}<\/script>\n<!-- \/ Yoast SEO plugin. -->","yoast_head_json":{"title":"Bluza z kapturem - PRNTD","robots":{"index":"index","follow":"follow","max-snippet":"max-snippet:-1","max-image-preview":"max-image-preview:large","max-video-preview":"max-video-preview:-1"},"canonical":"https:\/\/prntd.eu\/?product=bluza-z-kapturem","og_locale":"pl_PL","og_type":"article","og_title":"Bluza z kapturem - PRNTD","og_description":"Bluza PRNTD to wygodny model unisex z 100% bawe\u0142ny, dost\u0119pny w rozmiarach S\u2013XL. Idealna na co dzie\u0144 i ch\u0142odniejsze dni.","og_url":"https:\/\/prntd.eu\/?product=bluza-z-kapturem","og_site_name":"PRNTD","og_image":[{"width":1330,"height":1505,"url":"https:\/\/prntd.eu\/wp-content\/uploads\/2026\/01\/4-1.png","type":"image\/png"}],"twitter_card":"summary_large_image","twitter_misc":{"Szacowany czas czytania":"1 minuta"},"schema":{"@context":"https:\/\/schema.org","@graph":[{"@type":"WebPage","@id":"https:\/\/prntd.eu\/?product=bluza-z-kapturem","url":"https:\/\/prntd.eu\/?product=bluza-z-kapturem","name":"Bluza z kapturem - PRNTD","isPartOf":{"@id":"https:\/\/prntd.eu\/#website"},"primaryImageOfPage":{"@id":"https:\/\/prntd.eu\/?product=bluza-z-kapturem#primaryimage"},"image":{"@id":"https:\/\/prntd.eu\/?product=bluza-z-kapturem#primaryimage"},"thumbnailUrl":"https:\/\/prntd.eu\/wp-content\/uploads\/2026\/01\/4-1.png","datePublished":"2026-01-03T12:13:15+00:00","breadcrumb":{"@id":"https:\/\/prntd.eu\/?product=bluza-z-kapturem#breadcrumb"},"inLanguage":"pl-PL","potentialAction":[{"@type":"ReadAction","target":["https:\/\/prntd.eu\/?product=bluza-z-kapturem"]}]},{"@type":"ImageObject","inLanguage":"pl-PL","@id":"https:\/\/prntd.eu\/?product=bluza-z-kapturem#primaryimage","url":"https:\/\/prntd.eu\/wp-content\/uploads\/2026\/01\/4-1.png","contentUrl":"https:\/\/prntd.eu\/wp-content\/uploads\/2026\/01\/4-1.png","width":1330,"height":1505},{"@type":"BreadcrumbList","@id":"https:\/\/prntd.eu\/?product=bluza-z-kapturem#breadcrumb","itemListElement":[{"@type":"ListItem","position":1,"name":"Home","item":"https:\/\/prntd.eu\/"},{"@type":"ListItem","position":2,"name":"Sklep","item":"https:\/\/prntd.eu\/?page_id=21"},{"@type":"ListItem","position":3,"name":"Bluza z kapturem"}]},{"@type":"WebSite","@id":"https:\/\/prntd.eu\/#website","url":"https:\/\/prntd.eu\/","name":"PRNTD","description":"","publisher":{"@id":"https:\/\/prntd.eu\/#organization"},"potentialAction":[{"@type":"SearchAction","target":{"@type":"EntryPoint","urlTemplate":"https:\/\/prntd.eu\/?s={search_term_string}"},"query-input":{"@type":"PropertyValueSpecification","valueRequired":true,"valueName":"search_term_string"}}],"inLanguage":"pl-PL"},{"@type":"Organization","@id":"https:\/\/prntd.eu\/#organization","name":"PRNTD","url":"https:\/\/prntd.eu\/","logo":{"@type":"ImageObject","inLanguage":"pl-PL","@id":"https:\/\/prntd.eu\/#\/schema\/logo\/image\/","url":"https:\/\/prntd.eu\/wp-content\/uploads\/2025\/11\/PRNTD-100-x-50-px-1.png","contentUrl":"https:\/\/prntd.eu\/wp-content\/uploads\/2025\/11\/PRNTD-100-x-50-px-1.png","width":100,"height":40,"caption":"PRNTD"},"image":{"@id":"https:\/\/prntd.eu\/#\/schema\/logo\/image\/"}}]}},"jetpack_sharing_enabled":true,"_links":{"self":[{"href":"https:\/\/prntd.eu\/index.php?rest_route=\/wp\/v2\/product\/95","targetHints":{"allow":["GET"]}}],"collection":[{"href":"https:\/\/prntd.eu\/index.php?rest_route=\/wp\/v2\/product"}],"about":[{"href":"https:\/\/prntd.eu\/index.php?rest_route=\/wp\/v2\/types\/product"}],"replies":[{"embeddable":true,"href":"https:\/\/prntd.eu\/index.php?rest_route=%2Fwp%2Fv2%2Fcomments&post=95"}],"wp:featuredmedia":[{"embeddable":true,"href":"https:\/\/prntd.eu\/index.php?rest_route=\/wp\/v2\/media\/97"}],"wp:attachment":[{"href":"https:\/\/prntd.eu\/index.php?rest_route=%2Fwp%2Fv2%2Fmedia&parent=95"}],"wp:term":[{"taxonomy":"product_brand","embeddable":true,"href":"https:\/\/prntd.eu\/index.php?rest_route=%2Fwp%2Fv2%2Fproduct_brand&post=95"},{"taxonomy":"product_cat","embeddable":true,"href":"https:\/\/prntd.eu\/index.php?rest_route=%2Fwp%2Fv2%2Fproduct_cat&post=95"},{"taxonomy":"product_tag","embeddable":true,"href":"https:\/\/prntd.eu\/index.php?rest_route=%2Fwp%2Fv2%2Fproduct_tag&post=95"}],"curies":[{"name":"wp","href":"https:\/\/api.w.org\/{rel}","templated":true}]}}