{"id":77,"date":"2026-01-03T12:30:33","date_gmt":"2026-01-03T11:30:33","guid":{"rendered":"https:\/\/prntd.eu\/?post_type=product&#038;p=77"},"modified":"2026-01-03T12:38:26","modified_gmt":"2026-01-03T11:38:26","slug":"koszulka","status":"publish","type":"product","link":"https:\/\/prntd.eu\/?product=koszulka","title":{"rendered":"Koszulka"},"content":{"rendered":"<p data-start=\"152\" data-end=\"205\"><strong data-start=\"152\" data-end=\"205\">Koszulka PRNTD \u2013 klasyka, kt\u00f3ra pasuje do ka\u017cdego<\/strong><\/p>\n<p data-start=\"207\" data-end=\"482\">Koszulka marki <strong data-start=\"222\" data-end=\"231\">PRNTD<\/strong> to po\u0142\u0105czenie wygody, stylu i jako\u015bci. Uniwersalny kr\u00f3j <strong data-start=\"288\" data-end=\"298\">unisex<\/strong> sprawia, \u017ce \u015bwietnie le\u017cy zar\u00f3wno na kobietach, jak i m\u0119\u017cczyznach. Wykonana w <strong data-start=\"377\" data-end=\"412\">100% z wysokiej jako\u015bci bawe\u0142ny<\/strong>, zapewnia komfort noszenia przez ca\u0142y dzie\u0144 i doskona\u0142\u0105 przewiewno\u015b\u0107.<\/p>\n<p data-start=\"484\" data-end=\"638\">Dost\u0119pna w rozmiarach <strong data-start=\"506\" data-end=\"520\">od S do XL<\/strong>, idealnie dopasuje si\u0119 do ka\u017cdej sylwetki. To \u015bwietny wyb\u00f3r zar\u00f3wno na co dzie\u0144, jak i jako baza do wielu stylizacji.<\/p>\n<p data-start=\"640\" data-end=\"659\"><strong data-start=\"640\" data-end=\"659\">Cechy produktu:<\/strong><\/p>\n<ul data-start=\"660\" data-end=\"779\">\n<li data-start=\"660\" data-end=\"678\">\n<p data-start=\"662\" data-end=\"678\">marka: <strong data-start=\"669\" data-end=\"678\">PRNTD<\/strong><\/p>\n<\/li>\n<li data-start=\"679\" data-end=\"697\">\n<p data-start=\"681\" data-end=\"697\">kr\u00f3j: <strong data-start=\"687\" data-end=\"697\">unisex<\/strong><\/p>\n<\/li>\n<li data-start=\"698\" data-end=\"718\">\n<p data-start=\"700\" data-end=\"718\">rozmiary: <strong data-start=\"710\" data-end=\"718\">S\u2013XL<\/strong><\/p>\n<\/li>\n<li data-start=\"719\" data-end=\"747\">\n<p data-start=\"721\" data-end=\"747\">materia\u0142: <strong data-start=\"731\" data-end=\"747\">100% bawe\u0142na<\/strong><\/p>\n<\/li>\n<li data-start=\"748\" data-end=\"779\">\n<p data-start=\"750\" data-end=\"779\">wygodna, mi\u0119kka i oddychaj\u0105ca<\/p>\n<\/li>\n<\/ul>\n","protected":false},"excerpt":{"rendered":"<p><strong data-start=\"40\" data-end=\"58\">Koszulka PRNTD<\/strong> to uniwersalny model unisex wykonany w <strong data-start=\"98\" data-end=\"116\" data-is-only-node=\"\">100% z bawe\u0142ny<\/strong>. Wygodna, przewiewna i dost\u0119pna w rozmiarach <strong data-start=\"162\" data-end=\"170\">S\u2013XL<\/strong> \u2013 idealna na co dzie\u0144.<\/p>\n","protected":false},"featured_media":82,"comment_status":"open","ping_status":"closed","template":"","meta":[],"product_brand":[],"product_cat":[19,20],"product_tag":[21,22],"class_list":{"0":"post-77","1":"product","2":"type-product","3":"status-publish","4":"has-post-thumbnail","6":"product_cat-bez-kategorii","7":"product_cat-koszulki","8":"product_tag-basic","9":"product_tag-koszulka","11":"first","12":"instock","13":"shipping-taxable","14":"purchasable","15":"product-type-variable"},"yoast_head":"<!-- This site is optimized with the Yoast SEO plugin v26.6 - https:\/\/yoast.com\/wordpress\/plugins\/seo\/ -->\n<title>Koszulka - PRNTD<\/title>\n<meta name=\"robots\" content=\"index, follow, max-snippet:-1, max-image-preview:large, max-video-preview:-1\" \/>\n<link rel=\"canonical\" href=\"https:\/\/prntd.eu\/?product=koszulka\" \/>\n<meta property=\"og:locale\" content=\"pl_PL\" \/>\n<meta property=\"og:type\" content=\"article\" \/>\n<meta property=\"og:title\" content=\"Koszulka - PRNTD\" \/>\n<meta property=\"og:description\" content=\"Koszulka PRNTD to uniwersalny model unisex wykonany w 100% z bawe\u0142ny. Wygodna, przewiewna i dost\u0119pna w rozmiarach S\u2013XL \u2013 idealna na co dzie\u0144.\" \/>\n<meta property=\"og:url\" content=\"https:\/\/prntd.eu\/?product=koszulka\" \/>\n<meta property=\"og:site_name\" content=\"PRNTD\" \/>\n<meta property=\"article:modified_time\" content=\"2026-01-03T11:38:26+00:00\" \/>\n<meta property=\"og:image\" content=\"https:\/\/prntd.eu\/wp-content\/uploads\/2026\/01\/5-e1767440257144.png\" \/>\n\t<meta property=\"og:image:width\" content=\"1400\" \/>\n\t<meta property=\"og:image:height\" content=\"1308\" \/>\n\t<meta property=\"og:image:type\" content=\"image\/png\" \/>\n<meta name=\"twitter:card\" content=\"summary_large_image\" \/>\n<meta name=\"twitter:label1\" content=\"Szacowany czas czytania\" \/>\n\t<meta name=\"twitter:data1\" content=\"1 minuta\" \/>\n<script type=\"application\/ld+json\" class=\"yoast-schema-graph\">{\"@context\":\"https:\/\/schema.org\",\"@graph\":[{\"@type\":\"WebPage\",\"@id\":\"https:\/\/prntd.eu\/?product=koszulka\",\"url\":\"https:\/\/prntd.eu\/?product=koszulka\",\"name\":\"Koszulka - PRNTD\",\"isPartOf\":{\"@id\":\"https:\/\/prntd.eu\/#website\"},\"primaryImageOfPage\":{\"@id\":\"https:\/\/prntd.eu\/?product=koszulka#primaryimage\"},\"image\":{\"@id\":\"https:\/\/prntd.eu\/?product=koszulka#primaryimage\"},\"thumbnailUrl\":\"https:\/\/prntd.eu\/wp-content\/uploads\/2026\/01\/5-e1767440257144.png\",\"datePublished\":\"2026-01-03T11:30:33+00:00\",\"dateModified\":\"2026-01-03T11:38:26+00:00\",\"breadcrumb\":{\"@id\":\"https:\/\/prntd.eu\/?product=koszulka#breadcrumb\"},\"inLanguage\":\"pl-PL\",\"potentialAction\":[{\"@type\":\"ReadAction\",\"target\":[\"https:\/\/prntd.eu\/?product=koszulka\"]}]},{\"@type\":\"ImageObject\",\"inLanguage\":\"pl-PL\",\"@id\":\"https:\/\/prntd.eu\/?product=koszulka#primaryimage\",\"url\":\"https:\/\/prntd.eu\/wp-content\/uploads\/2026\/01\/5-e1767440257144.png\",\"contentUrl\":\"https:\/\/prntd.eu\/wp-content\/uploads\/2026\/01\/5-e1767440257144.png\",\"width\":1400,\"height\":1308},{\"@type\":\"BreadcrumbList\",\"@id\":\"https:\/\/prntd.eu\/?product=koszulka#breadcrumb\",\"itemListElement\":[{\"@type\":\"ListItem\",\"position\":1,\"name\":\"Home\",\"item\":\"https:\/\/prntd.eu\/\"},{\"@type\":\"ListItem\",\"position\":2,\"name\":\"Sklep\",\"item\":\"https:\/\/prntd.eu\/?page_id=21\"},{\"@type\":\"ListItem\",\"position\":3,\"name\":\"Koszulka\"}]},{\"@type\":\"WebSite\",\"@id\":\"https:\/\/prntd.eu\/#website\",\"url\":\"https:\/\/prntd.eu\/\",\"name\":\"PRNTD\",\"description\":\"\",\"publisher\":{\"@id\":\"https:\/\/prntd.eu\/#organization\"},\"potentialAction\":[{\"@type\":\"SearchAction\",\"target\":{\"@type\":\"EntryPoint\",\"urlTemplate\":\"https:\/\/prntd.eu\/?s={search_term_string}\"},\"query-input\":{\"@type\":\"PropertyValueSpecification\",\"valueRequired\":true,\"valueName\":\"search_term_string\"}}],\"inLanguage\":\"pl-PL\"},{\"@type\":\"Organization\",\"@id\":\"https:\/\/prntd.eu\/#organization\",\"name\":\"PRNTD\",\"url\":\"https:\/\/prntd.eu\/\",\"logo\":{\"@type\":\"ImageObject\",\"inLanguage\":\"pl-PL\",\"@id\":\"https:\/\/prntd.eu\/#\/schema\/logo\/image\/\",\"url\":\"https:\/\/prntd.eu\/wp-content\/uploads\/2025\/11\/PRNTD-100-x-50-px-1.png\",\"contentUrl\":\"https:\/\/prntd.eu\/wp-content\/uploads\/2025\/11\/PRNTD-100-x-50-px-1.png\",\"width\":100,\"height\":40,\"caption\":\"PRNTD\"},\"image\":{\"@id\":\"https:\/\/prntd.eu\/#\/schema\/logo\/image\/\"}}]}<\/script>\n<!-- \/ Yoast SEO plugin. -->","yoast_head_json":{"title":"Koszulka - PRNTD","robots":{"index":"index","follow":"follow","max-snippet":"max-snippet:-1","max-image-preview":"max-image-preview:large","max-video-preview":"max-video-preview:-1"},"canonical":"https:\/\/prntd.eu\/?product=koszulka","og_locale":"pl_PL","og_type":"article","og_title":"Koszulka - PRNTD","og_description":"Koszulka PRNTD to uniwersalny model unisex wykonany w 100% z bawe\u0142ny. Wygodna, przewiewna i dost\u0119pna w rozmiarach S\u2013XL \u2013 idealna na co dzie\u0144.","og_url":"https:\/\/prntd.eu\/?product=koszulka","og_site_name":"PRNTD","article_modified_time":"2026-01-03T11:38:26+00:00","og_image":[{"width":1400,"height":1308,"url":"https:\/\/prntd.eu\/wp-content\/uploads\/2026\/01\/5-e1767440257144.png","type":"image\/png"}],"twitter_card":"summary_large_image","twitter_misc":{"Szacowany czas czytania":"1 minuta"},"schema":{"@context":"https:\/\/schema.org","@graph":[{"@type":"WebPage","@id":"https:\/\/prntd.eu\/?product=koszulka","url":"https:\/\/prntd.eu\/?product=koszulka","name":"Koszulka - PRNTD","isPartOf":{"@id":"https:\/\/prntd.eu\/#website"},"primaryImageOfPage":{"@id":"https:\/\/prntd.eu\/?product=koszulka#primaryimage"},"image":{"@id":"https:\/\/prntd.eu\/?product=koszulka#primaryimage"},"thumbnailUrl":"https:\/\/prntd.eu\/wp-content\/uploads\/2026\/01\/5-e1767440257144.png","datePublished":"2026-01-03T11:30:33+00:00","dateModified":"2026-01-03T11:38:26+00:00","breadcrumb":{"@id":"https:\/\/prntd.eu\/?product=koszulka#breadcrumb"},"inLanguage":"pl-PL","potentialAction":[{"@type":"ReadAction","target":["https:\/\/prntd.eu\/?product=koszulka"]}]},{"@type":"ImageObject","inLanguage":"pl-PL","@id":"https:\/\/prntd.eu\/?product=koszulka#primaryimage","url":"https:\/\/prntd.eu\/wp-content\/uploads\/2026\/01\/5-e1767440257144.png","contentUrl":"https:\/\/prntd.eu\/wp-content\/uploads\/2026\/01\/5-e1767440257144.png","width":1400,"height":1308},{"@type":"BreadcrumbList","@id":"https:\/\/prntd.eu\/?product=koszulka#breadcrumb","itemListElement":[{"@type":"ListItem","position":1,"name":"Home","item":"https:\/\/prntd.eu\/"},{"@type":"ListItem","position":2,"name":"Sklep","item":"https:\/\/prntd.eu\/?page_id=21"},{"@type":"ListItem","position":3,"name":"Koszulka"}]},{"@type":"WebSite","@id":"https:\/\/prntd.eu\/#website","url":"https:\/\/prntd.eu\/","name":"PRNTD","description":"","publisher":{"@id":"https:\/\/prntd.eu\/#organization"},"potentialAction":[{"@type":"SearchAction","target":{"@type":"EntryPoint","urlTemplate":"https:\/\/prntd.eu\/?s={search_term_string}"},"query-input":{"@type":"PropertyValueSpecification","valueRequired":true,"valueName":"search_term_string"}}],"inLanguage":"pl-PL"},{"@type":"Organization","@id":"https:\/\/prntd.eu\/#organization","name":"PRNTD","url":"https:\/\/prntd.eu\/","logo":{"@type":"ImageObject","inLanguage":"pl-PL","@id":"https:\/\/prntd.eu\/#\/schema\/logo\/image\/","url":"https:\/\/prntd.eu\/wp-content\/uploads\/2025\/11\/PRNTD-100-x-50-px-1.png","contentUrl":"https:\/\/prntd.eu\/wp-content\/uploads\/2025\/11\/PRNTD-100-x-50-px-1.png","width":100,"height":40,"caption":"PRNTD"},"image":{"@id":"https:\/\/prntd.eu\/#\/schema\/logo\/image\/"}}]}},"jetpack_sharing_enabled":true,"_links":{"self":[{"href":"https:\/\/prntd.eu\/index.php?rest_route=\/wp\/v2\/product\/77","targetHints":{"allow":["GET"]}}],"collection":[{"href":"https:\/\/prntd.eu\/index.php?rest_route=\/wp\/v2\/product"}],"about":[{"href":"https:\/\/prntd.eu\/index.php?rest_route=\/wp\/v2\/types\/product"}],"replies":[{"embeddable":true,"href":"https:\/\/prntd.eu\/index.php?rest_route=%2Fwp%2Fv2%2Fcomments&post=77"}],"wp:featuredmedia":[{"embeddable":true,"href":"https:\/\/prntd.eu\/index.php?rest_route=\/wp\/v2\/media\/82"}],"wp:attachment":[{"href":"https:\/\/prntd.eu\/index.php?rest_route=%2Fwp%2Fv2%2Fmedia&parent=77"}],"wp:term":[{"taxonomy":"product_brand","embeddable":true,"href":"https:\/\/prntd.eu\/index.php?rest_route=%2Fwp%2Fv2%2Fproduct_brand&post=77"},{"taxonomy":"product_cat","embeddable":true,"href":"https:\/\/prntd.eu\/index.php?rest_route=%2Fwp%2Fv2%2Fproduct_cat&post=77"},{"taxonomy":"product_tag","embeddable":true,"href":"https:\/\/prntd.eu\/index.php?rest_route=%2Fwp%2Fv2%2Fproduct_tag&post=77"}],"curies":[{"name":"wp","href":"https:\/\/api.w.org\/{rel}","templated":true}]}}